{"id":859,"date":"2017-01-19T18:21:28","date_gmt":"2017-01-19T17:21:28","guid":{"rendered":"https:\/\/naturfasern.eu\/my-account-2"},"modified":"2017-01-19T18:21:28","modified_gmt":"2017-01-19T17:21:28","slug":"my-account-2","status":"publish","type":"page","link":"https:\/\/naturfasern.eu\/en\/my-account-2\/","title":{"rendered":"My Account"},"content":{"rendered":"<div class=\"woocommerce\">\n\n\n\n<div class=\"u-columns col2-set\" id=\"customer_login\">\n\n\t<div class=\"u-column1 col-1\">\n\n\n\t\t<h2>Login<\/h2>\n\n\t\t<form method=\"post\" class=\"login\">\n\n\t\t\t\n\t\t\t<p class=\"woocommerce-FormRow woocommerce-FormRow--wide form-row form-row-wide\">\n\t\t\t\t<label for=\"username\">Username or email address <span class=\"required\">*<\/span><\/label>\n\t\t\t\t<input type=\"text\" class=\"woocommerce-Input woocommerce-Input--text input-text\" name=\"username\" id=\"username\" value=\"\" \/>\n\t\t\t<\/p>\n\t\t\t<p class=\"woocommerce-FormRow woocommerce-FormRow--wide form-row form-row-wide\">\n\t\t\t\t<label for=\"password\">Password <span class=\"required\">*<\/span><\/label>\n\t\t\t\t<input class=\"woocommerce-Input woocommerce-Input--text input-text\" type=\"password\" name=\"password\" id=\"password\" \/>\n\t\t\t<\/p>\n\n\t\t\t\n\t\t\t<p class=\"form-row\">\n\t\t\t\t<input type=\"hidden\" id=\"woocommerce-login-nonce\" name=\"woocommerce-login-nonce\" value=\"e78adb8a0a\" \/><input type=\"hidden\" name=\"_wp_http_referer\" value=\"\/en\/wp-json\/wp\/v2\/pages\/859\" \/>\t\t\t\t<input type=\"submit\" class=\"woocommerce-Button button\" name=\"login\" value=\"Login\" \/>\n\t\t\t\t<label for=\"rememberme\" class=\"inline\">\n\t\t\t\t\t<input class=\"woocommerce-Input woocommerce-Input--checkbox\" name=\"rememberme\" type=\"checkbox\" id=\"rememberme\" value=\"forever\" \/> Remember me\t\t\t\t<\/label>\n\t\t\t<\/p>\n\t\t\t<p class=\"woocommerce-LostPassword lost_password\">\n\t\t\t\t<a href=\"https:\/\/naturfasern.eu\/en\/my-account-2\/lost-password\/\">Lost your password?<\/a>\n\t\t\t<\/p>\n\n\t\t\t\n\t\t<\/form>\n\n\n\t<\/div>\n\n\t<div class=\"u-column2 col-2\">\n\n\t\t<h2>Register<\/h2>\n\n\t\t<div class=\"activate-registration-form\">\n\t\t\t<p>\n\t\t\t\tNachdem Sie bei uns ein neues Kundenkonto anlegen sind Sie in der Lage unsere Preise einzusehen, zu Bestellen und haben immer eine aktuelle \u00dcbersicht \u00fcber Ihre get\u00e4tigten Bestellungen. <strong>Als Gro\u00dfhandel k\u00f6nnen wir Privatkunden leider nicht direkt beliefern. <a href=\"#\" id=\"bezugsquellen\">Bezugsquellen<\/a>.<\/strong>\n\t\t\t<\/p>\n\t\t\t<a href=\"#\" class=\"woocommerce-Button button activate-registration-form_button\">Neues Kundenkonto anlegen<\/a>\n\t\t<\/div>\n\n\t\t<script>\n\t\tdocument.getElementById(\"bezugsquellen\").addEventListener(\"click\", function(event) {\n            location.href = \"\/bezugsquellen\/\"\n            event.preventDefault();\n            event.stopPropagation();\n            return false;\n        });\n\t\t<\/script>\n\n\t\t<form method=\"post\" class=\"register\" enctype=\"multipart\/form-data\">\n\n\t\t\t\n      <h3>Ihre pers\u00f6nlichen Daten<\/h3>\n\n\t\t\t\n\t\t\t<p class=\"woocommerce-FormRow woocommerce-FormRow--wide form-row form-row-wide\">\n\t\t\t\t<label for=\"reg_email\">Email address <span class=\"required\">*<\/span><\/label>\n\t\t\t\t<input type=\"email\" autocomplete=\"new-email\" class=\"woocommerce-Input woocommerce-Input--text input-text\" name=\"email\" id=\"reg_email\" value=\"\" \/>\n\t\t\t<\/p>\n\n\t\t\t\n\t\t\t\t<p class=\"woocommerce-FormRow woocommerce-FormRow--wide form-row form-row-wide\">\n\t\t\t\t\t<label for=\"reg_password\">Passwort <span class=\"required\">*<\/span><\/label>\n\t\t\t\t\t<input type=\"password\" autocomplete=\"new-password\" class=\"woocommerce-Input woocommerce-Input--text input-text\" name=\"password\" id=\"reg_password\" \/>\n\t\t\t\t<\/p>\n\n\t\t\t\n\t\t\t<!-- Spam Trap -->\n\t\t\t<div style=\"left: -999em; position: absolute;\"><label for=\"trap\">Anti-spam<\/label><input type=\"text\" name=\"email_2\" id=\"trap\" tabindex=\"-1\" autocomplete=\"off\" \/><\/div>\n\n\t\t\t<p class=\"woocommerce-FormRow woocommerce-FormRow--wide form-row form-row-wide\"><label for=\"confirm_password\">Passwort wiederholen <span class=\"required\">*<\/span><br \/><input type=\"password\" name=\"confirm_password\" id=\"confirm_password\" class=\"woocommerce-Input woocommerce-Input--text input-text\" value=\"\" size=\"25\" \/><\/label><\/p><p class=\"radio\"><label for=\"billing_title\">Anrede <span class=\"required\">*<\/span><br \/><input type=\"radio\" name=\"billing_title\" id=\"billing_title_1\" value=\"Frau\" required > Frau\n<input type=\"radio\" name=\"billing_title\" id=\"billing_title_2\" value=\"Herr\" required > Herr<br \/>\n<\/label><\/p><p class=\"woocommerce-FormRow woocommerce-FormRow--wide form-row form-row-wide\"><label for=\"first_name\">First Name <span class=\"required\">*<\/span><br \/><input type=\"text\" autocomplete=\"new-text\" name=\"first_name\" id=\"first_name\" class=\"woocommerce-Input woocommerce-Input--text input-text\" value=\"\" size=\"25\" \/><\/label><\/p><p class=\"woocommerce-FormRow woocommerce-FormRow--wide form-row form-row-wide\"><label for=\"last_name\">Familienname <span class=\"required\">*<\/span><br \/><input type=\"text\" autocomplete=\"new-text\" name=\"last_name\" id=\"last_name\" class=\"woocommerce-Input woocommerce-Input--text input-text\" value=\"\" size=\"25\" \/><\/label><\/p><p class=\"woocommerce-FormRow woocommerce-FormRow--wide form-row form-row-wide\"><label for=\"billing_phone\">Telefonnummer <span class=\"required\">*<\/span><br \/><input type=\"text\" autocomplete=\"new-text\" name=\"billing_phone\" id=\"billing_phone\" class=\"woocommerce-Input woocommerce-Input--text input-text\" value=\"\" size=\"25\" \/><\/label><\/p><h3>Ihre Adresse<\/h3><p class=\"woocommerce-FormRow woocommerce-FormRow--wide form-row form-row-wide\"><label for=\"billing_address_1\">Stra\u00dfe \/ Nr. <span class=\"required\">*<\/span><br \/><input type=\"text\" autocomplete=\"new-text\" name=\"billing_address_1\" id=\"billing_address_1\" class=\"woocommerce-Input woocommerce-Input--text input-text\" value=\"\" size=\"25\" \/><\/label><\/p><p class=\"woocommerce-FormRow woocommerce-FormRow--wide form-row form-row-wide\"><label for=\"billing_address_2\">Adresszusatz<br \/><input type=\"text\" autocomplete=\"new-text\" name=\"billing_address_2\" id=\"billing_address_2\" class=\"woocommerce-Input woocommerce-Input--text input-text\" value=\"\" size=\"25\" \/><\/label><\/p><p class=\"woocommerce-FormRow woocommerce-FormRow--wide form-row form-row-wide\"><label>Postleitzahl \/ Ort <span class=\"required\">*<\/span><br \/><input type=\"text\" autocomplete=\"new-text\" name=\"billing_postcode\" id=\"billing_postcode\" class=\"woocommerce-Input woocommerce-Input--text input-text\" value=\"\" size=\"25\" \/><input type=\"text\" autocomplete=\"new-text\" name=\"billing_city\" id=\"billing_city\" class=\"woocommerce-Input woocommerce-Input--text input-text\" value=\"\" size=\"25\" \/><\/label><\/p><p class=\"woocommerce-FormRow woocommerce-FormRow--wide form-row form-row-wide\"><label for=\"billing_country\">Land <span class=\"required\">*<\/span><br \/><select name=\"billing_country\" id=\"billing_country\" class=\"dropdown country_select country_to_state\">\n<option value=\"AX\" >&#197;land Islands<\/option><option value=\"AF\" >Afghanistan<\/option><option value=\"AL\" >Albania<\/option><option value=\"DZ\" >Algeria<\/option><option value=\"AS\" >American Samoa<\/option><option value=\"AD\" >Andorra<\/option><option value=\"AO\" >Angola<\/option><option value=\"AI\" >Anguilla<\/option><option value=\"AQ\" >Antarctica<\/option><option value=\"AG\" >Antigua and Barbuda<\/option><option value=\"AR\" >Argentina<\/option><option value=\"AM\" >Armenia<\/option><option value=\"AW\" >Aruba<\/option><option value=\"AU\" >Australia<\/option><option value=\"AT\" >Austria<\/option><option value=\"AZ\" >Azerbaijan<\/option><option value=\"BS\" >Bahamas<\/option><option value=\"BH\" >Bahrain<\/option><option value=\"BD\" >Bangladesh<\/option><option value=\"BB\" >Barbados<\/option><option value=\"BY\" >Belarus<\/option><option value=\"PW\" >Belau<\/option><option value=\"BE\" >Belgium<\/option><option value=\"BZ\" >Belize<\/option><option value=\"BJ\" >Benin<\/option><option value=\"BM\" >Bermuda<\/option><option value=\"BT\" >Bhutan<\/option><option value=\"BO\" >Bolivia<\/option><option value=\"BQ\" >Bonaire, Saint Eustatius and Saba<\/option><option value=\"BA\" >Bosnia and Herzegovina<\/option><option value=\"BW\" >Botswana<\/option><option value=\"BV\" >Bouvet Island<\/option><option value=\"BR\" >Brazil<\/option><option value=\"IO\" >British Indian Ocean Territory<\/option><option value=\"VG\" >British Virgin Islands<\/option><option value=\"BN\" >Brunei<\/option><option value=\"BG\" >Bulgaria<\/option><option value=\"BF\" >Burkina Faso<\/option><option value=\"BI\" >Burundi<\/option><option value=\"KH\" >Cambodia<\/option><option value=\"CM\" >Cameroon<\/option><option value=\"CA\" >Canada<\/option><option value=\"CV\" >Cape Verde<\/option><option value=\"KY\" >Cayman Islands<\/option><option value=\"CF\" >Central African Republic<\/option><option value=\"TD\" >Chad<\/option><option value=\"CL\" >Chile<\/option><option value=\"CN\" >China<\/option><option value=\"CX\" >Christmas Island<\/option><option value=\"CC\" >Cocos (Keeling) Islands<\/option><option value=\"CO\" >Colombia<\/option><option value=\"KM\" >Comoros<\/option><option value=\"CG\" >Congo (Brazzaville)<\/option><option value=\"CD\" >Congo (Kinshasa)<\/option><option value=\"CK\" >Cook Islands<\/option><option value=\"CR\" >Costa Rica<\/option><option value=\"HR\" >Croatia<\/option><option value=\"CU\" >Cuba<\/option><option value=\"CW\" >Cura&ccedil;ao<\/option><option value=\"CY\" >Cyprus<\/option><option value=\"CZ\" >Czech Republic<\/option><option value=\"DK\" >Denmark<\/option><option value=\"DJ\" >Djibouti<\/option><option value=\"DM\" >Dominica<\/option><option value=\"DO\" >Dominican Republic<\/option><option value=\"EC\" >Ecuador<\/option><option value=\"EG\" >Egypt<\/option><option value=\"SV\" >El Salvador<\/option><option value=\"GQ\" >Equatorial Guinea<\/option><option value=\"ER\" >Eritrea<\/option><option value=\"EE\" >Estonia<\/option><option value=\"ET\" >Ethiopia<\/option><option value=\"FK\" >Falkland Islands<\/option><option value=\"FO\" >Faroe Islands<\/option><option value=\"FJ\" >Fiji<\/option><option value=\"FI\" >Finland<\/option><option value=\"FR\" >France<\/option><option value=\"GF\" >French Guiana<\/option><option value=\"PF\" >French Polynesia<\/option><option value=\"TF\" >French Southern Territories<\/option><option value=\"GA\" >Gabon<\/option><option value=\"GM\" >Gambia<\/option><option value=\"GE\" >Georgia<\/option><option value=\"DE\"  selected='selected'>Germany<\/option><option value=\"GH\" >Ghana<\/option><option value=\"GI\" >Gibraltar<\/option><option value=\"GR\" >Greece<\/option><option value=\"GL\" >Greenland<\/option><option value=\"GD\" >Grenada<\/option><option value=\"GP\" >Guadeloupe<\/option><option value=\"GU\" >Guam<\/option><option value=\"GT\" >Guatemala<\/option><option value=\"GG\" >Guernsey<\/option><option value=\"GN\" >Guinea<\/option><option value=\"GW\" >Guinea-Bissau<\/option><option value=\"GY\" >Guyana<\/option><option value=\"HT\" >Haiti<\/option><option value=\"HM\" >Heard Island and McDonald Islands<\/option><option value=\"HN\" >Honduras<\/option><option value=\"HK\" >Hong Kong<\/option><option value=\"HU\" >Hungary<\/option><option value=\"IS\" >Iceland<\/option><option value=\"IN\" >India<\/option><option value=\"ID\" >Indonesia<\/option><option value=\"IR\" >Iran<\/option><option value=\"IQ\" >Iraq<\/option><option value=\"IE\" >Ireland<\/option><option value=\"IM\" >Isle of Man<\/option><option value=\"IL\" >Israel<\/option><option value=\"IT\" >Italy<\/option><option value=\"CI\" >Ivory Coast<\/option><option value=\"JM\" >Jamaica<\/option><option value=\"JP\" >Japan<\/option><option value=\"JE\" >Jersey<\/option><option value=\"JO\" >Jordan<\/option><option value=\"KZ\" >Kazakhstan<\/option><option value=\"KE\" >Kenya<\/option><option value=\"KI\" >Kiribati<\/option><option value=\"KW\" >Kuwait<\/option><option value=\"KG\" >Kyrgyzstan<\/option><option value=\"LA\" >Laos<\/option><option value=\"LV\" >Latvia<\/option><option value=\"LB\" >Lebanon<\/option><option value=\"LS\" >Lesotho<\/option><option value=\"LR\" >Liberia<\/option><option value=\"LY\" >Libya<\/option><option value=\"LI\" >Liechtenstein<\/option><option value=\"LT\" >Lithuania<\/option><option value=\"LU\" >Luxembourg<\/option><option value=\"MO\" >Macao S.A.R., China<\/option><option value=\"MK\" >Macedonia<\/option><option value=\"MG\" >Madagascar<\/option><option value=\"MW\" >Malawi<\/option><option value=\"MY\" >Malaysia<\/option><option value=\"MV\" >Maldives<\/option><option value=\"ML\" >Mali<\/option><option value=\"MT\" >Malta<\/option><option value=\"MH\" >Marshall Islands<\/option><option value=\"MQ\" >Martinique<\/option><option value=\"MR\" >Mauritania<\/option><option value=\"MU\" >Mauritius<\/option><option value=\"YT\" >Mayotte<\/option><option value=\"MX\" >Mexico<\/option><option value=\"FM\" >Micronesia<\/option><option value=\"MD\" >Moldova<\/option><option value=\"MC\" >Monaco<\/option><option value=\"MN\" >Mongolia<\/option><option value=\"ME\" >Montenegro<\/option><option value=\"MS\" >Montserrat<\/option><option value=\"MA\" >Morocco<\/option><option value=\"MZ\" >Mozambique<\/option><option value=\"MM\" >Myanmar<\/option><option value=\"NA\" >Namibia<\/option><option value=\"NR\" >Nauru<\/option><option value=\"NP\" >Nepal<\/option><option value=\"NL\" >Netherlands<\/option><option value=\"NC\" >New Caledonia<\/option><option value=\"NZ\" >New Zealand<\/option><option value=\"NI\" >Nicaragua<\/option><option value=\"NE\" >Niger<\/option><option value=\"NG\" >Nigeria<\/option><option value=\"NU\" >Niue<\/option><option value=\"NF\" >Norfolk Island<\/option><option value=\"KP\" >North Korea<\/option><option value=\"MP\" >Northern Mariana Islands<\/option><option value=\"NO\" >Norway<\/option><option value=\"OM\" >Oman<\/option><option value=\"PK\" >Pakistan<\/option><option value=\"PS\" >Palestinian Territory<\/option><option value=\"PA\" >Panama<\/option><option value=\"PG\" >Papua New Guinea<\/option><option value=\"PY\" >Paraguay<\/option><option value=\"PE\" >Peru<\/option><option value=\"PH\" >Philippines<\/option><option value=\"PN\" >Pitcairn<\/option><option value=\"PL\" >Poland<\/option><option value=\"PT\" >Portugal<\/option><option value=\"PR\" >Puerto Rico<\/option><option value=\"QA\" >Qatar<\/option><option value=\"RE\" >Reunion<\/option><option value=\"RO\" >Romania<\/option><option value=\"RU\" >Russia<\/option><option value=\"RW\" >Rwanda<\/option><option value=\"ST\" >S&atilde;o Tom&eacute; and Pr&iacute;ncipe<\/option><option value=\"BL\" >Saint Barth&eacute;lemy<\/option><option value=\"SH\" >Saint Helena<\/option><option value=\"KN\" >Saint Kitts and Nevis<\/option><option value=\"LC\" >Saint Lucia<\/option><option value=\"SX\" >Saint Martin (Dutch part)<\/option><option value=\"MF\" >Saint Martin (French part)<\/option><option value=\"PM\" >Saint Pierre and Miquelon<\/option><option value=\"VC\" >Saint Vincent and the Grenadines<\/option><option value=\"WS\" >Samoa<\/option><option value=\"SM\" >San Marino<\/option><option value=\"SA\" >Saudi Arabia<\/option><option value=\"SN\" >Senegal<\/option><option value=\"RS\" >Serbia<\/option><option value=\"SC\" >Seychelles<\/option><option value=\"SL\" >Sierra Leone<\/option><option value=\"SG\" >Singapore<\/option><option value=\"SK\" >Slovakia<\/option><option value=\"SI\" >Slovenia<\/option><option value=\"SB\" >Solomon Islands<\/option><option value=\"SO\" >Somalia<\/option><option value=\"ZA\" >South Africa<\/option><option value=\"GS\" >South Georgia\/Sandwich Islands<\/option><option value=\"KR\" >South Korea<\/option><option value=\"SS\" >South Sudan<\/option><option value=\"ES\" >Spain<\/option><option value=\"LK\" >Sri Lanka<\/option><option value=\"SD\" >Sudan<\/option><option value=\"SR\" >Suriname<\/option><option value=\"SJ\" >Svalbard and Jan Mayen<\/option><option value=\"SZ\" >Swaziland<\/option><option value=\"SE\" >Sweden<\/option><option value=\"CH\" >Switzerland<\/option><option value=\"SY\" >Syria<\/option><option value=\"TW\" >Taiwan<\/option><option value=\"TJ\" >Tajikistan<\/option><option value=\"TZ\" >Tanzania<\/option><option value=\"TH\" >Thailand<\/option><option value=\"TL\" >Timor-Leste<\/option><option value=\"TG\" >Togo<\/option><option value=\"TK\" >Tokelau<\/option><option value=\"TO\" >Tonga<\/option><option value=\"TT\" >Trinidad and Tobago<\/option><option value=\"TN\" >Tunisia<\/option><option value=\"TR\" >Turkey<\/option><option value=\"TM\" >Turkmenistan<\/option><option value=\"TC\" >Turks and Caicos Islands<\/option><option value=\"TV\" >Tuvalu<\/option><option value=\"UG\" >Uganda<\/option><option value=\"UA\" >Ukraine<\/option><option value=\"AE\" >United Arab Emirates<\/option><option value=\"GB\" >United Kingdom (UK)<\/option><option value=\"US\" >United States (US)<\/option><option value=\"UM\" >United States (US) Minor Outlying Islands<\/option><option value=\"VI\" >United States (US) Virgin Islands<\/option><option value=\"UY\" >Uruguay<\/option><option value=\"UZ\" >Uzbekistan<\/option><option value=\"VU\" >Vanuatu<\/option><option value=\"VA\" >Vatican<\/option><option value=\"VE\" >Venezuela<\/option><option value=\"VN\" >Vietnam<\/option><option value=\"WF\" >Wallis and Futuna<\/option><option value=\"EH\" >Western Sahara<\/option><option value=\"YE\" >Yemen<\/option><option value=\"ZM\" >Zambia<\/option><option value=\"ZW\" >Zimbabwe<\/option><\/select><\/label><\/p><h3>Ihre Firmendaten<\/h3><p class=\"woocommerce-FormRow woocommerce-FormRow--wide form-row form-row-wide\"><label for=\"billing_company\">Firmenname <span class=\"required\">*<\/span><br \/><input type=\"text\" autocomplete=\"new-text\" placeholder=\"Gesch\u00e4ft \/ Schule \/ Werkstatt \/ Textile Einrichtung\" name=\"billing_company\" id=\"billing_company\" class=\"woocommerce-Input woocommerce-Input--text input-text\" value=\"\" size=\"25\" \/><\/label><\/p><p id=\"billing_vat_id_field\" class=\"woocommerce-FormRow woocommerce-FormRow--wide form-row form-row-wide\">USt-IdNr.<input type=\"text\" autocomplete=\"new-text\" name=\"ust\" id=\"billing_vat_id\" class=\"woocommerce-Input woocommerce-Input--text input-text\" value=\"\" size=\"25\" \/><\/label><\/p>\n<p class=\"form-row form-row-wide\">\n\t<input type=\"checkbox\" class=\"input-checkbox\" value=\"1\" name=\"privacy\" id=\"reg_data_privacy\" \/>\n\t<label for=\"reg_data_privacy\" class=\"inline\">Ja, ich m\u00f6chte ein Kundenkonto er\u00f6ffnen und habe die <a href=\"https:\/\/naturfasern.eu\/datenschutzbelehrung\/\" target=\"_blank\"> Datenschutzerkl\u00e4rung <\/a> zur Kenntnis genommen.<span class=\"required\">*<\/span><\/label>\n<\/p>\t\t\t\n\t\t\t<p class=\"woocomerce-FormRow form-row\">\n\t\t\t\t<input type=\"hidden\" id=\"woocommerce-register-nonce\" name=\"woocommerce-register-nonce\" value=\"f87487c238\" \/><input type=\"hidden\" name=\"_wp_http_referer\" value=\"\/en\/wp-json\/wp\/v2\/pages\/859\" \/>\t\t\t\t<input type=\"submit\" class=\"woocommerce-Button button\" name=\"register\" value=\"Register\" \/>\n\t\t\t<\/p>\n\n\t\t\t\n\t\t<\/form>\n\n\t<\/div>\n\n<\/div>\n\n<script type=\"text\/javascript\">\n\tjQuery(document).ready(function($){\n\t\t$('.activate-registration-form').click(function(e){\n\t\t\te.preventDefault();\n\t\t\t$('.activate-registration-form').hide();\n\t\t\t$('form.register').show();\n\t\t});\n\t\tsetTimeout(function(){\n\t\t\t$('form.register').hide();\n\t\t},10);\n\t});\n<\/script>\n\n<\/div>","protected":false},"excerpt":{"rendered":"","protected":false},"author":1,"featured_media":0,"parent":0,"menu_order":0,"comment_status":"closed","ping_status":"closed","template":"","meta":{"footnotes":""},"acf":[],"_links":{"self":[{"href":"https:\/\/naturfasern.eu\/en\/wp-json\/wp\/v2\/pages\/859"}],"collection":[{"href":"https:\/\/naturfasern.eu\/en\/wp-json\/wp\/v2\/pages"}],"about":[{"href":"https:\/\/naturfasern.eu\/en\/wp-json\/wp\/v2\/types\/page"}],"author":[{"embeddable":true,"href":"https:\/\/naturfasern.eu\/en\/wp-json\/wp\/v2\/users\/1"}],"replies":[{"embeddable":true,"href":"https:\/\/naturfasern.eu\/en\/wp-json\/wp\/v2\/comments?post=859"}],"version-history":[{"count":0,"href":"https:\/\/naturfasern.eu\/en\/wp-json\/wp\/v2\/pages\/859\/revisions"}],"wp:attachment":[{"href":"https:\/\/naturfasern.eu\/en\/wp-json\/wp\/v2\/media?parent=859"}],"curies":[{"name":"wp","href":"https:\/\/api.w.org\/{rel}","templated":true}]}}